{"id":514,"date":"2025-05-28T01:30:43","date_gmt":"2025-05-28T01:30:43","guid":{"rendered":"https:\/\/www.msthukuk.com\/?page_id=514"},"modified":"2025-08-06T14:10:22","modified_gmt":"2025-08-06T14:10:22","slug":"kullanici-paneli","status":"publish","type":"page","link":"https:\/\/www.anahithukuk.com\/index.php\/kullanici-paneli\/","title":{"rendered":"Kullan\u0131c\u0131 Paneli"},"content":{"rendered":"\t\t<div data-elementor-type=\"wp-page\" data-elementor-id=\"514\" class=\"elementor elementor-514\" data-elementor-post-type=\"page\">\n\t\t\t\t<div class=\"elementor-element elementor-element-2ce7beba e-flex e-con-boxed e-con e-parent\" data-id=\"2ce7beba\" data-element_type=\"container\" data-settings=\"{&quot;background_background&quot;:&quot;classic&quot;}\">\n\t\t\t\t\t<div class=\"e-con-inner\">\n\t\t<div class=\"elementor-element elementor-element-d08c2ad e-con-full e-flex e-con e-child\" data-id=\"d08c2ad\" data-element_type=\"container\">\n\t\t\t\t<\/div>\n\t\t\t\t\t<\/div>\n\t\t\t\t<\/div>\n\t\t<div class=\"elementor-element elementor-element-f7423ee e-flex e-con-boxed e-con e-parent\" data-id=\"f7423ee\" data-element_type=\"container\">\n\t\t\t\t\t<div class=\"e-con-inner\">\n\t\t<div class=\"elementor-element elementor-element-4a78139 e-con-full e-flex e-con e-child\" data-id=\"4a78139\" data-element_type=\"container\">\n\t\t\t\t<div class=\"elementor-element elementor-element-b2afb07 elementor-widget__width-initial elementor-widget elementor-widget-shortcode\" data-id=\"b2afb07\" data-element_type=\"widget\" data-widget_type=\"shortcode.default\">\n\t\t\t\t<div class=\"elementor-widget-container\">\n\t\t\t\t\t<div class=\"elementor-shortcode\"><p>Kontrol panelinizi g\u00f6r\u00fcnt\u00fclemek i\u00e7in l\u00fctfen giri\u015f yap\u0131n.<\/p><form name=\"mst-hukuk-qa-login-form\" id=\"mst-hukuk-qa-login-form\" action=\"https:\/\/www.anahithukuk.com\/wp-login.php\" method=\"post\"><p class=\"login-username\">\n\t\t\t\t<label for=\"user_login\">E-posta veya Kullan\u0131c\u0131 Ad\u0131<\/label>\n\t\t\t\t<input type=\"text\" name=\"log\" id=\"user_login\" autocomplete=\"username\" class=\"input\" value=\"\" size=\"20\" \/>\n\t\t\t<\/p><p class=\"login-password\">\n\t\t\t\t<label for=\"user_pass\">\u015eifre<\/label>\n\t\t\t\t<input type=\"password\" name=\"pwd\" id=\"user_pass\" autocomplete=\"current-password\" spellcheck=\"false\" class=\"input\" value=\"\" size=\"20\" \/>\n\t\t\t<\/p><p class=\"login-remember\"><label><input name=\"rememberme\" type=\"checkbox\" id=\"rememberme\" value=\"forever\" \/> Beni Hat\u0131rla<\/label><\/p><p class=\"login-submit\">\n\t\t\t\t<input type=\"submit\" name=\"wp-submit\" id=\"wp-submit\" class=\"button button-primary\" value=\"Giri\u015f Yap\" \/>\n\t\t\t\t<input type=\"hidden\" name=\"redirect_to\" value=\"https:\/\/www.anahithukuk.com\/index.php\/kullanici-paneli\/\" \/>\n\t\t\t<\/p><style type=\"text\/css\">div.nsl-container[data-align=\"left\"] {\n    text-align: left;\n}\n\ndiv.nsl-container[data-align=\"center\"] {\n    text-align: center;\n}\n\ndiv.nsl-container[data-align=\"right\"] {\n    text-align: right;\n}\n\n\ndiv.nsl-container div.nsl-container-buttons a[data-plugin=\"nsl\"] {\n    text-decoration: none;\n    box-shadow: none;\n    border: 0;\n}\n\ndiv.nsl-container .nsl-container-buttons {\n    display: flex;\n    padding: 5px 0;\n}\n\ndiv.nsl-container.nsl-container-block .nsl-container-buttons {\n    display: inline-grid;\n    grid-template-columns: minmax(145px, auto);\n}\n\ndiv.nsl-container-block-fullwidth .nsl-container-buttons {\n    flex-flow: column;\n    align-items: center;\n}\n\ndiv.nsl-container-block-fullwidth .nsl-container-buttons a,\ndiv.nsl-container-block .nsl-container-buttons a {\n    flex: 1 1 auto;\n    display: block;\n    margin: 5px 0;\n    width: 100%;\n}\n\ndiv.nsl-container-inline {\n    margin: -5px;\n    text-align: left;\n}\n\ndiv.nsl-container-inline .nsl-container-buttons {\n    justify-content: center;\n    flex-wrap: wrap;\n}\n\ndiv.nsl-container-inline .nsl-container-buttons a {\n    margin: 5px;\n    display: inline-block;\n}\n\ndiv.nsl-container-grid .nsl-container-buttons {\n    flex-flow: row;\n    align-items: center;\n    flex-wrap: wrap;\n}\n\ndiv.nsl-container-grid .nsl-container-buttons a {\n    flex: 1 1 auto;\n    display: block;\n    margin: 5px;\n    max-width: 280px;\n    width: 100%;\n}\n\n@media only screen and (min-width: 650px) {\n    div.nsl-container-grid .nsl-container-buttons a {\n        width: auto;\n    }\n}\n\ndiv.nsl-container .nsl-button {\n    cursor: pointer;\n    vertical-align: top;\n    border-radius: 4px;\n}\n\ndiv.nsl-container .nsl-button-default {\n    color: #fff;\n    display: flex;\n}\n\ndiv.nsl-container .nsl-button-icon {\n    display: inline-block;\n}\n\ndiv.nsl-container .nsl-button-svg-container {\n    flex: 0 0 auto;\n    padding: 8px;\n    display: flex;\n    align-items: center;\n}\n\ndiv.nsl-container svg {\n    height: 24px;\n    width: 24px;\n    vertical-align: top;\n}\n\ndiv.nsl-container .nsl-button-default div.nsl-button-label-container {\n    margin: 0 24px 0 12px;\n    padding: 10px 0;\n    font-family: Helvetica, Arial, sans-serif;\n    font-size: 16px;\n    line-height: 20px;\n    letter-spacing: .25px;\n    overflow: hidden;\n    text-align: center;\n    text-overflow: clip;\n    white-space: nowrap;\n    flex: 1 1 auto;\n    -webkit-font-smoothing: antialiased;\n    -moz-osx-font-smoothing: grayscale;\n    text-transform: none;\n    display: inline-block;\n}\n\ndiv.nsl-container .nsl-button-google[data-skin=\"dark\"] .nsl-button-svg-container {\n    margin: 1px;\n    padding: 7px;\n    border-radius: 3px;\n    background: #fff;\n}\n\ndiv.nsl-container .nsl-button-google[data-skin=\"light\"] {\n    border-radius: 1px;\n    box-shadow: 0 1px 5px 0 rgba(0, 0, 0, .25);\n    color: RGBA(0, 0, 0, 0.54);\n}\n\ndiv.nsl-container .nsl-button-apple .nsl-button-svg-container {\n    padding: 0 6px;\n}\n\ndiv.nsl-container .nsl-button-apple .nsl-button-svg-container svg {\n    height: 40px;\n    width: auto;\n}\n\ndiv.nsl-container .nsl-button-apple[data-skin=\"light\"] {\n    color: #000;\n    box-shadow: 0 0 0 1px #000;\n}\n\ndiv.nsl-container .nsl-button-facebook[data-skin=\"white\"] {\n    color: #000;\n    box-shadow: inset 0 0 0 1px #000;\n}\n\ndiv.nsl-container .nsl-button-facebook[data-skin=\"light\"] {\n    color: #1877F2;\n    box-shadow: inset 0 0 0 1px #1877F2;\n}\n\ndiv.nsl-container .nsl-button-spotify[data-skin=\"white\"] {\n    color: #191414;\n    box-shadow: inset 0 0 0 1px #191414;\n}\n\ndiv.nsl-container .nsl-button-apple div.nsl-button-label-container {\n    font-size: 17px;\n    font-family: -apple-system, BlinkMacSystemFont, \"Segoe UI\", Roboto, Helvetica, Arial, sans-serif, \"Apple Color Emoji\", \"Segoe UI Emoji\", \"Segoe UI Symbol\";\n}\n\ndiv.nsl-container .nsl-button-slack div.nsl-button-label-container {\n    font-size: 17px;\n    font-family: -apple-system, BlinkMacSystemFont, \"Segoe UI\", Roboto, Helvetica, Arial, sans-serif, \"Apple Color Emoji\", \"Segoe UI Emoji\", \"Segoe UI Symbol\";\n}\n\ndiv.nsl-container .nsl-button-slack[data-skin=\"light\"] {\n    color: #000000;\n    box-shadow: inset 0 0 0 1px #DDDDDD;\n}\n\ndiv.nsl-container .nsl-button-tiktok[data-skin=\"light\"] {\n    color: #161823;\n    box-shadow: 0 0 0 1px rgba(22, 24, 35, 0.12);\n}\n\n\ndiv.nsl-container .nsl-button-kakao {\n    color: rgba(0, 0, 0, 0.85);\n}\n\n.nsl-clear {\n    clear: both;\n}\n\n.nsl-container {\n    clear: both;\n}\n\n.nsl-disabled-provider .nsl-button {\n    filter: grayscale(1);\n    opacity: 0.8;\n}\n\n\/*Button align start*\/\n\ndiv.nsl-container-inline[data-align=\"left\"] .nsl-container-buttons {\n    justify-content: flex-start;\n}\n\ndiv.nsl-container-inline[data-align=\"center\"] .nsl-container-buttons {\n    justify-content: center;\n}\n\ndiv.nsl-container-inline[data-align=\"right\"] .nsl-container-buttons {\n    justify-content: flex-end;\n}\n\n\ndiv.nsl-container-grid[data-align=\"left\"] .nsl-container-buttons {\n    justify-content: flex-start;\n}\n\ndiv.nsl-container-grid[data-align=\"center\"] .nsl-container-buttons {\n    justify-content: center;\n}\n\ndiv.nsl-container-grid[data-align=\"right\"] .nsl-container-buttons {\n    justify-content: flex-end;\n}\n\ndiv.nsl-container-grid[data-align=\"space-around\"] .nsl-container-buttons {\n    justify-content: space-around;\n}\n\ndiv.nsl-container-grid[data-align=\"space-between\"] .nsl-container-buttons {\n    justify-content: space-between;\n}\n\n\/* Button align end*\/\n\n\/* Redirect *\/\n\n#nsl-redirect-overlay {\n    display: flex;\n    flex-direction: column;\n    justify-content: center;\n    align-items: center;\n    position: fixed;\n    z-index: 1000000;\n    left: 0;\n    top: 0;\n    width: 100%;\n    height: 100%;\n    backdrop-filter: blur(1px);\n    background-color: RGBA(0, 0, 0, .32);;\n}\n\n#nsl-redirect-overlay-container {\n    display: flex;\n    flex-direction: column;\n    justify-content: center;\n    align-items: center;\n    background-color: white;\n    padding: 30px;\n    border-radius: 10px;\n}\n\n#nsl-redirect-overlay-spinner {\n    content: '';\n    display: block;\n    margin: 20px;\n    border: 9px solid RGBA(0, 0, 0, .6);\n    border-top: 9px solid #fff;\n    border-radius: 50%;\n    box-shadow: inset 0 0 0 1px RGBA(0, 0, 0, .6), 0 0 0 1px RGBA(0, 0, 0, .6);\n    width: 40px;\n    height: 40px;\n    animation: nsl-loader-spin 2s linear infinite;\n}\n\n@keyframes nsl-loader-spin {\n    0% {\n        transform: rotate(0deg)\n    }\n    to {\n        transform: rotate(360deg)\n    }\n}\n\n#nsl-redirect-overlay-title {\n    font-family: -apple-system, BlinkMacSystemFont, \"Segoe UI\", Roboto, Oxygen-Sans, Ubuntu, Cantarell, \"Helvetica Neue\", sans-serif;\n    font-size: 18px;\n    font-weight: bold;\n    color: #3C434A;\n}\n\n#nsl-redirect-overlay-text {\n    font-family: -apple-system, BlinkMacSystemFont, \"Segoe UI\", Roboto, Oxygen-Sans, Ubuntu, Cantarell, \"Helvetica Neue\", sans-serif;\n    text-align: center;\n    font-size: 14px;\n    color: #3C434A;\n}\n\n\/* Redirect END*\/<\/style><style type=\"text\/css\">\/* Notice fallback *\/\n#nsl-notices-fallback {\n    position: fixed;\n    right: 10px;\n    top: 10px;\n    z-index: 10000;\n}\n\n.admin-bar #nsl-notices-fallback {\n    top: 42px;\n}\n\n#nsl-notices-fallback > div {\n    position: relative;\n    background: #fff;\n    border-left: 4px solid #fff;\n    box-shadow: 0 1px 1px 0 rgba(0, 0, 0, .1);\n    margin: 5px 15px 2px;\n    padding: 1px 20px;\n}\n\n#nsl-notices-fallback > div.error {\n    display: block;\n    border-left-color: #dc3232;\n}\n\n#nsl-notices-fallback > div.updated {\n    display: block;\n    border-left-color: #46b450;\n}\n\n#nsl-notices-fallback p {\n    margin: .5em 0;\n    padding: 2px;\n}\n\n#nsl-notices-fallback > div:after {\n    position: absolute;\n    right: 5px;\n    top: 5px;\n    content: '\\00d7';\n    display: block;\n    height: 16px;\n    width: 16px;\n    line-height: 16px;\n    text-align: center;\n    font-size: 20px;\n    cursor: pointer;\n}<\/style><div id=\"nsl-custom-login-form-1\"><div class=\"nsl-container nsl-container-block\" data-align=\"left\"><div class=\"nsl-container-buttons\"><a href=\"https:\/\/www.anahithukuk.com\/wp-login.php?loginSocial=google&#038;redirect=https%3A%2F%2Fwww.anahithukuk.com%2Findex.php%2Fwp-json%2Fwp%2Fv2%2Fpages%2F514\" rel=\"nofollow\" aria-label=\"Continue with &lt;b&gt;Google&lt;\/b&gt;\" data-plugin=\"nsl\" data-action=\"connect\" data-provider=\"google\" data-popupwidth=\"600\" data-popupheight=\"600\" data-e-disable-page-transition=\"1\"><div class=\"nsl-button nsl-button-default nsl-button-google\" data-skin=\"dark\" style=\"background-color:#4285f4;\"><div class=\"nsl-button-svg-container\"><svg xmlns=\"http:\/\/www.w3.org\/2000\/svg\" width=\"24\" height=\"24\" viewBox=\"0 0 24 24\"><path fill=\"#4285F4\" d=\"M20.64 12.2045c0-.6381-.0573-1.2518-.1636-1.8409H12v3.4814h4.8436c-.2086 1.125-.8427 2.0782-1.7959 2.7164v2.2581h2.9087c1.7018-1.5668 2.6836-3.874 2.6836-6.615z\"><\/path><path fill=\"#34A853\" d=\"M12 21c2.43 0 4.4673-.806 5.9564-2.1805l-2.9087-2.2581c-.8059.54-1.8368.859-3.0477.859-2.344 0-4.3282-1.5831-5.036-3.7104H3.9574v2.3318C5.4382 18.9832 8.4818 21 12 21z\"><\/path><path fill=\"#FBBC05\" d=\"M6.964 13.71c-.18-.54-.2822-1.1168-.2822-1.71s.1023-1.17.2823-1.71V7.9582H3.9573A8.9965 8.9965 0 0 0 3 12c0 1.4523.3477 2.8268.9573 4.0418L6.964 13.71z\"><\/path><path fill=\"#EA4335\" d=\"M12 6.5795c1.3214 0 2.5077.4541 3.4405 1.346l2.5813-2.5814C16.4632 3.8918 14.426 3 12 3 8.4818 3 5.4382 5.0168 3.9573 7.9582L6.964 10.29C7.6718 8.1627 9.6559 6.5795 12 6.5795z\"><\/path><\/svg><\/div><div class=\"nsl-button-label-container\">Continue with <b>Google<\/b><\/div><\/div><\/a><\/div><\/div><\/div><script type=\"text\/javascript\">\n    window._nslDOMReady(function () {\n        var container = document.getElementById('nsl-custom-login-form-1'),\n            form = container.closest('form');\n\n        var innerContainer = container.querySelector('.nsl-container');\n        if (innerContainer) {\n            innerContainer.classList.add('nsl-container-embedded-login-layout-below');\n            innerContainer.style.display = 'block';\n        }\n\n        form.appendChild(container);\n    });\n<\/script>\n<style type=\"text\/css\">\n    \n    #nsl-custom-login-form-1 .nsl-container {\n        display: none;\n    }\n\n    #nsl-custom-login-form-1 .nsl-container-embedded-login-layout-below {\n        clear: both;\n        padding: 20px 0 0;\n    }\n\n    .login form {\n        padding-bottom: 20px;\n    }<\/style>\n<\/form><p class=\"mst-hukuk-qa-login-links\"><a href=\"https:\/\/www.anahithukuk.com\/wp-login.php?action=register\">Kay\u0131t Ol<\/a> | <a href=\"https:\/\/www.anahithukuk.com\/wp-login.php?action=lostpassword\">\u015eifrenizi mi unuttunuz?<\/a><\/p><\/div>\n\t\t\t\t<\/div>\n\t\t\t\t<\/div>\n\t\t\t\t<\/div>\n\t\t<div class=\"elementor-element elementor-element-c19113a e-con-full e-flex e-con e-child\" data-id=\"c19113a\" data-element_type=\"container\">\n\t\t<div class=\"elementor-element elementor-element-3c83e2e1 e-con-full e-flex e-con e-child\" data-id=\"3c83e2e1\" data-element_type=\"container\">\n\t\t\t\t<div class=\"elementor-element elementor-element-5a585002 elementor-view-stacked elementor-shape-square elementor-widget__width-initial elementor-position-top elementor-mobile-position-top elementor-invisible elementor-widget elementor-widget-icon-box\" data-id=\"5a585002\" data-element_type=\"widget\" data-settings=\"{&quot;_animation&quot;:&quot;fadeIn&quot;,&quot;_animation_delay&quot;:200}\" data-widget_type=\"icon-box.default\">\n\t\t\t\t<div class=\"elementor-widget-container\">\n\t\t\t\t\t<div class=\"elementor-icon-box-wrapper\">\n\n\t\t\t\t\t\t<div class=\"elementor-icon-box-icon\">\n\t\t\t\t<a href=\"https:\/\/anahithukuk.com\/index.php\/soru-sorun\" class=\"elementor-icon elementor-animation-\" tabindex=\"-1\">\n\t\t\t\t<svg aria-hidden=\"true\" class=\"e-font-icon-svg e-fas-mail-bulk\" viewBox=\"0 0 576 512\" xmlns=\"http:\/\/www.w3.org\/2000\/svg\"><path d=\"M160 448c-25.6 0-51.2-22.4-64-32-64-44.8-83.2-60.8-96-70.4V480c0 17.67 14.33 32 32 32h256c17.67 0 32-14.33 32-32V345.6c-12.8 9.6-32 25.6-96 70.4-12.8 9.6-38.4 32-64 32zm128-192H32c-17.67 0-32 14.33-32 32v16c25.6 19.2 22.4 19.2 115.2 86.4 9.6 6.4 28.8 25.6 44.8 25.6s35.2-19.2 44.8-22.4c92.8-67.2 89.6-67.2 115.2-86.4V288c0-17.67-14.33-32-32-32zm256-96H224c-17.67 0-32 14.33-32 32v32h96c33.21 0 60.59 25.42 63.71 57.82l.29-.22V416h192c17.67 0 32-14.33 32-32V192c0-17.67-14.33-32-32-32zm-32 128h-64v-64h64v64zm-352-96c0-35.29 28.71-64 64-64h224V32c0-17.67-14.33-32-32-32H96C78.33 0 64 14.33 64 32v192h96v-32z\"><\/path><\/svg>\t\t\t\t<\/a>\n\t\t\t<\/div>\n\t\t\t\n\t\t\t\t\t\t<div class=\"elementor-icon-box-content\">\n\n\t\t\t\t\t\t\t\t\t<div class=\"elementor-icon-box-title\">\n\t\t\t\t\t\t<a href=\"https:\/\/anahithukuk.com\/index.php\/soru-sorun\" >\n\t\t\t\t\t\t\tSoru Sorun\t\t\t\t\t\t<\/a>\n\t\t\t\t\t<\/div>\n\t\t\t\t\n\t\t\t\t\t\t\t\t\t<p class=\"elementor-icon-box-description\">\n\t\t\t\t\t\tYa\u015fad\u0131\u011f\u0131n\u0131z hukuku sorunu yaz\u0131n\t\t\t\t\t<\/p>\n\t\t\t\t\n\t\t\t<\/div>\n\t\t\t\n\t\t<\/div>\n\t\t\t\t<\/div>\n\t\t\t\t<\/div>\n\t\t\t\t<div class=\"elementor-element elementor-element-1d62a4bc elementor-view-stacked elementor-shape-square elementor-widget__width-initial elementor-position-top elementor-mobile-position-top elementor-invisible elementor-widget elementor-widget-icon-box\" data-id=\"1d62a4bc\" data-element_type=\"widget\" data-settings=\"{&quot;_animation&quot;:&quot;fadeIn&quot;,&quot;_animation_delay&quot;:200}\" data-widget_type=\"icon-box.default\">\n\t\t\t\t<div class=\"elementor-widget-container\">\n\t\t\t\t\t<div class=\"elementor-icon-box-wrapper\">\n\n\t\t\t\t\t\t<div class=\"elementor-icon-box-icon\">\n\t\t\t\t<a href=\"https:\/\/www.anahithukuk.com\/index.php\/randevu-formu\/\" class=\"elementor-icon elementor-animation-\" tabindex=\"-1\">\n\t\t\t\t<svg aria-hidden=\"true\" class=\"e-font-icon-svg e-fas-user-clock\" viewBox=\"0 0 640 512\" xmlns=\"http:\/\/www.w3.org\/2000\/svg\"><path d=\"M496 224c-79.6 0-144 64.4-144 144s64.4 144 144 144 144-64.4 144-144-64.4-144-144-144zm64 150.3c0 5.3-4.4 9.7-9.7 9.7h-60.6c-5.3 0-9.7-4.4-9.7-9.7v-76.6c0-5.3 4.4-9.7 9.7-9.7h12.6c5.3 0 9.7 4.4 9.7 9.7V352h38.3c5.3 0 9.7 4.4 9.7 9.7v12.6zM320 368c0-27.8 6.7-54.1 18.2-77.5-8-1.5-16.2-2.5-24.6-2.5h-16.7c-22.2 10.2-46.9 16-72.9 16s-50.6-5.8-72.9-16h-16.7C60.2 288 0 348.2 0 422.4V464c0 26.5 21.5 48 48 48h347.1c-45.3-31.9-75.1-84.5-75.1-144zm-96-112c70.7 0 128-57.3 128-128S294.7 0 224 0 96 57.3 96 128s57.3 128 128 128z\"><\/path><\/svg>\t\t\t\t<\/a>\n\t\t\t<\/div>\n\t\t\t\n\t\t\t\t\t\t<div class=\"elementor-icon-box-content\">\n\n\t\t\t\t\t\t\t\t\t<div class=\"elementor-icon-box-title\">\n\t\t\t\t\t\t<a href=\"https:\/\/www.anahithukuk.com\/index.php\/randevu-formu\/\" >\n\t\t\t\t\t\t\tRandevu Al\t\t\t\t\t\t<\/a>\n\t\t\t\t\t<\/div>\n\t\t\t\t\n\t\t\t\t\t\t\t\t\t<p class=\"elementor-icon-box-description\">\n\t\t\t\t\t\tYa\u015fad\u0131\u011f\u0131nn\u0131z hukuku sorun hakk\u0131nda canl\u0131 destek\t\t\t\t\t<\/p>\n\t\t\t\t\n\t\t\t<\/div>\n\t\t\t\n\t\t<\/div>\n\t\t\t\t<\/div>\n\t\t\t\t<\/div>\n\t\t\t\t<div class=\"elementor-element elementor-element-3119972a elementor-view-stacked elementor-shape-square elementor-widget__width-initial elementor-position-top elementor-mobile-position-top elementor-invisible elementor-widget elementor-widget-icon-box\" data-id=\"3119972a\" data-element_type=\"widget\" data-settings=\"{&quot;_animation&quot;:&quot;fadeIn&quot;,&quot;_animation_delay&quot;:200}\" data-widget_type=\"icon-box.default\">\n\t\t\t\t<div class=\"elementor-widget-container\">\n\t\t\t\t\t<div class=\"elementor-icon-box-wrapper\">\n\n\t\t\t\t\t\t<div class=\"elementor-icon-box-icon\">\n\t\t\t\t<a href=\"https:\/\/www.anahithukuk.com\/index.php\/iletisim\/\" class=\"elementor-icon elementor-animation-\" tabindex=\"-1\">\n\t\t\t\t<svg aria-hidden=\"true\" class=\"e-font-icon-svg e-fab-teamspeak\" viewBox=\"0 0 512 512\" xmlns=\"http:\/\/www.w3.org\/2000\/svg\"><path d=\"M244.2 346.79c2.4-12.3-12-30-32.4-48.7-20.9-19.2-48.2-39.1-63.4-46.6-21.7-12-41.7-1.8-46.3 22.7-5 26.2 0 51.4 14.5 73.9 10.2 15.5 25.4 22.7 43.4 24 11.6.6 52.5 2.2 61.7-1 11.9-4.3 20.1-11.8 22.5-24.3zm205 20.8a5.22 5.22 0 0 0-8.3 2.4c-8 25.4-44.7 112.5-172.1 121.5-149.7 10.5 80.3 43.6 145.4-6.4 22.7-17.4 47.6-35 46.6-85.4-.4-10.1-4.9-26.69-11.6-32.1zm62-122.4c-.3-18.9-8.6-33.4-26-42.2-2.9-1.3-5-2.7-5.9-6.4A222.64 222.64 0 0 0 438.9 103c-1.1-1.5-3.5-3.2-2.2-5 8.5-11.5-.3-18-7-24.4Q321.4-31.11 177.4 13.09c-40.1 12.3-73.9 35.6-102 67.4-4 4.3-6.7 9.1-3 14.5 3 4 1.3 6.2-1 9.3C51.6 132 38.2 162.59 32.1 196c-.7 4.3-2.9 6-6.4 7.8-14.2 7-22.5 18.5-24.9 34L0 264.29v20.9c0 30.8 21 50.4 51.8 49 7.7-.3 11.7-4.3 12-11.5 2-77.5-2.4-95.4 3.7-125.8C92.1 72.39 234.3 5 345.3 65.39 411.4 102 445.7 159 447.6 234.79c.8 28.2 0 56.5 0 84.6 0 7 2.2 12.5 9.4 14.2 24.1 5 49.2-12 53.2-36.7 2.9-17.1 1-34.5 1-51.7zm-159.6 131.5c36.5 2.8 59.3-28.5 58.4-60.5-2.1-45.2-66.2-16.5-87.8-8-73.2 28.1-45 54.9-22.2 60.8z\"><\/path><\/svg>\t\t\t\t<\/a>\n\t\t\t<\/div>\n\t\t\t\n\t\t\t\t\t\t<div class=\"elementor-icon-box-content\">\n\n\t\t\t\t\t\t\t\t\t<div class=\"elementor-icon-box-title\">\n\t\t\t\t\t\t<a href=\"https:\/\/www.anahithukuk.com\/index.php\/iletisim\/\" >\n\t\t\t\t\t\t\tBize Ula\u015f\u0131n\t\t\t\t\t\t<\/a>\n\t\t\t\t\t<\/div>\n\t\t\t\t\n\t\t\t\t\t\t\t\t\t<p class=\"elementor-icon-box-description\">\n\t\t\t\t\t\t0 506 888 19 19 \t\t\t\t\t<\/p>\n\t\t\t\t\n\t\t\t<\/div>\n\t\t\t\n\t\t<\/div>\n\t\t\t\t<\/div>\n\t\t\t\t<\/div>\n\t\t\t\t<\/div>\n\t\t\t\t<\/div>\n\t\t\t\t\t<\/div>\n\t\t\t\t<\/div>\n\t\t\t\t<\/div>\n\t\t","protected":false},"excerpt":{"rendered":"<p>Soru Sorun Ya\u015fad\u0131\u011f\u0131n\u0131z hukuku sorunu yaz\u0131n Randevu Al Ya\u015fad\u0131\u011f\u0131nn\u0131z hukuku sorun hakk\u0131nda canl\u0131 destek Bize Ula\u015f\u0131n 0 506 888 19 19<\/p>\n","protected":false},"author":1,"featured_media":0,"parent":0,"menu_order":0,"comment_status":"closed","ping_status":"closed","template":"","meta":{"_themeisle_gutenberg_block_has_review":false,"_joinchat":[],"footnotes":""},"class_list":["post-514","page","type-page","status-publish","hentry"],"_links":{"self":[{"href":"https:\/\/www.anahithukuk.com\/index.php\/wp-json\/wp\/v2\/pages\/514","targetHints":{"allow":["GET"]}}],"collection":[{"href":"https:\/\/www.anahithukuk.com\/index.php\/wp-json\/wp\/v2\/pages"}],"about":[{"href":"https:\/\/www.anahithukuk.com\/index.php\/wp-json\/wp\/v2\/types\/page"}],"author":[{"embeddable":true,"href":"https:\/\/www.anahithukuk.com\/index.php\/wp-json\/wp\/v2\/users\/1"}],"replies":[{"embeddable":true,"href":"https:\/\/www.anahithukuk.com\/index.php\/wp-json\/wp\/v2\/comments?post=514"}],"version-history":[{"count":38,"href":"https:\/\/www.anahithukuk.com\/index.php\/wp-json\/wp\/v2\/pages\/514\/revisions"}],"predecessor-version":[{"id":709,"href":"https:\/\/www.anahithukuk.com\/index.php\/wp-json\/wp\/v2\/pages\/514\/revisions\/709"}],"wp:attachment":[{"href":"https:\/\/www.anahithukuk.com\/index.php\/wp-json\/wp\/v2\/media?parent=514"}],"curies":[{"name":"wp","href":"https:\/\/api.w.org\/{rel}","templated":true}]}}