{"id":163,"date":"2024-11-27T11:57:34","date_gmt":"2024-11-27T11:57:34","guid":{"rendered":"http:\/\/www.msthukuk.com\/?page_id=163"},"modified":"2024-11-29T08:22:03","modified_gmt":"2024-11-29T08:22:03","slug":"blog","status":"publish","type":"page","link":"https:\/\/www.anahithukuk.com\/index.php\/blog\/","title":{"rendered":"Blog"},"content":{"rendered":"\t\t<div data-elementor-type=\"wp-page\" data-elementor-id=\"163\" class=\"elementor elementor-163\" data-elementor-post-type=\"page\">\n\t\t\t\t<div class=\"elementor-element elementor-element-1ef4aac5 e-flex e-con-boxed e-con e-parent\" data-id=\"1ef4aac5\" data-element_type=\"container\" data-settings=\"{&quot;background_background&quot;:&quot;classic&quot;}\">\n\t\t\t\t\t<div class=\"e-con-inner\">\n\t\t<div class=\"elementor-element elementor-element-35f5c9e4 e-con-full e-flex e-con e-child\" data-id=\"35f5c9e4\" data-element_type=\"container\">\n\t\t\t\t<\/div>\n\t\t\t\t\t<\/div>\n\t\t\t\t<\/div>\n\t\t<div class=\"elementor-element elementor-element-24738e42 e-flex e-con-boxed e-con e-parent\" data-id=\"24738e42\" data-element_type=\"container\" data-settings=\"{&quot;background_background&quot;:&quot;classic&quot;}\">\n\t\t\t\t\t<div class=\"e-con-inner\">\n\t\t<div class=\"elementor-element elementor-element-3d00670a e-con-full e-flex e-con e-child\" data-id=\"3d00670a\" data-element_type=\"container\">\n\t\t\t\t<div class=\"elementor-element elementor-element-66b07f8 elementor-widget elementor-widget-heading\" data-id=\"66b07f8\" data-element_type=\"widget\" data-widget_type=\"heading.default\">\n\t\t\t\t<div class=\"elementor-widget-container\">\n\t\t\t<h2 class=\"elementor-heading-title elementor-size-default\">Yaz\u0131lar ve Haberlerimiz<\/h2>\t\t<\/div>\n\t\t\t\t<\/div>\n\t\t\t\t<\/div>\n\t\t<div class=\"elementor-element elementor-element-15c52ef e-con-full e-flex e-con e-child\" data-id=\"15c52ef\" data-element_type=\"container\">\n\t\t<div class=\"elementor-element elementor-element-785a734f e-con-full e-flex e-con e-child\" data-id=\"785a734f\" data-element_type=\"container\">\n\t\t\t\t<div class=\"elementor-element elementor-element-15a39e39 elementor-widget elementor-widget-heading\" data-id=\"15a39e39\" data-element_type=\"widget\" data-widget_type=\"heading.default\">\n\t\t\t\t<div class=\"elementor-widget-container\">\n\t\t\t<h5 class=\"elementor-heading-title elementor-size-default\">\u00d6ne \u00e7\u0131kan g\u00f6nderiler<\/h5>\t\t<\/div>\n\t\t\t\t<\/div>\n\t\t\t\t<div class=\"elementor-element elementor-element-5ff7e3d4 elementor-grid-1 elementor-posts--thumbnail-left elementor-grid-tablet-1 elementor-grid-mobile-1 elementor-widget elementor-widget-posts\" data-id=\"5ff7e3d4\" data-element_type=\"widget\" data-settings=\"{&quot;classic_columns&quot;:&quot;1&quot;,&quot;classic_columns_tablet&quot;:&quot;1&quot;,&quot;classic_row_gap&quot;:{&quot;unit&quot;:&quot;px&quot;,&quot;size&quot;:32,&quot;sizes&quot;:[]},&quot;classic_columns_mobile&quot;:&quot;1&quot;,&quot;classic_row_gap_tablet&quot;:{&quot;unit&quot;:&quot;px&quot;,&quot;size&quot;:&quot;&quot;,&quot;sizes&quot;:[]},&quot;classic_row_gap_mobile&quot;:{&quot;unit&quot;:&quot;px&quot;,&quot;size&quot;:&quot;&quot;,&quot;sizes&quot;:[]}}\" data-widget_type=\"posts.classic\">\n\t\t\t\t<div class=\"elementor-widget-container\">\n\t\t\t\t\t<div class=\"elementor-posts-container elementor-posts elementor-posts--skin-classic elementor-grid\">\n\t\t\t\t<article class=\"elementor-post elementor-grid-item post-1 post type-post status-publish format-standard has-post-thumbnail hentry category-uncategorized\">\n\t\t\t\t<a class=\"elementor-post__thumbnail__link\" href=\"https:\/\/www.anahithukuk.com\/index.php\/2024\/11\/26\/hello-world\/\" tabindex=\"-1\" >\n\t\t\t<div class=\"elementor-post__thumbnail\"><img fetchpriority=\"high\" decoding=\"async\" width=\"1919\" height=\"1080\" src=\"https:\/\/www.anahithukuk.com\/wp-content\/uploads\/2024\/11\/Google-Kapak.png\" class=\"attachment-full size-full wp-image-221\" alt=\"\" srcset=\"https:\/\/www.anahithukuk.com\/wp-content\/uploads\/2024\/11\/Google-Kapak.png 1919w, https:\/\/www.anahithukuk.com\/wp-content\/uploads\/2024\/11\/Google-Kapak-300x169.png 300w, https:\/\/www.anahithukuk.com\/wp-content\/uploads\/2024\/11\/Google-Kapak-1024x576.png 1024w, https:\/\/www.anahithukuk.com\/wp-content\/uploads\/2024\/11\/Google-Kapak-768x432.png 768w, https:\/\/www.anahithukuk.com\/wp-content\/uploads\/2024\/11\/Google-Kapak-1536x864.png 1536w\" sizes=\"(max-width: 1919px) 100vw, 1919px\" \/><\/div>\n\t\t<\/a>\n\t\t\t\t<div class=\"elementor-post__text\">\n\t\t\t\t<h3 class=\"elementor-post__title\">\n\t\t\t<a href=\"https:\/\/www.anahithukuk.com\/index.php\/2024\/11\/26\/hello-world\/\" >\n\t\t\t\tMerhaba\t\t\t<\/a>\n\t\t<\/h3>\n\t\t\t\t<div class=\"elementor-post__meta-data\">\n\t\t\t\t\t<span class=\"elementor-post-date\">\n\t\t\tKas\u0131m 26, 2024\t\t<\/span>\n\t\t\t\t<span class=\"elementor-post-avatar\">\n\t\t\tYorum yap\u0131lmam\u0131\u015f\t\t<\/span>\n\t\t\t\t<\/div>\n\t\t\t\t<div class=\"elementor-post__excerpt\">\n\t\t\t<p>ANAH\u0130T Hukuk B\u00fcrosu olarak, bilgi ve deneyimin payla\u015f\u0131m yoluyla g\u00fc\u00e7lendi\u011fine inan\u0131yoruz. Bu inan\u00e7la, yap\u0131sal \u00f6zellikleriyle herkesin yararlanabilece\u011fi bir platform olu\u015fturmay\u0131 hedefledik. Blog sayfam\u0131z\u0131, bu hedefin bir par\u00e7as\u0131 olarak sizlerle bulu\u015fturuyoruz.<\/p>\n\t\t<\/div>\n\t\t\n\t\t<a class=\"elementor-post__read-more\" href=\"https:\/\/www.anahithukuk.com\/index.php\/2024\/11\/26\/hello-world\/\" aria-label=\"Read more about Merhaba\" tabindex=\"-1\" >\n\t\t\tDevam\u0131n\u0131 Oku\t\t<\/a>\n\n\t\t\t\t<\/div>\n\t\t\t\t<\/article>\n\t\t\t\t<article class=\"elementor-post elementor-grid-item post-282 post type-post status-publish format-standard has-post-thumbnail hentry category-sirketler-hukuku\">\n\t\t\t\t<a class=\"elementor-post__thumbnail__link\" href=\"https:\/\/www.anahithukuk.com\/index.php\/2024\/11\/29\/sirketler-hukuku-nedir-amaclari-ve-onemi\/\" tabindex=\"-1\" >\n\t\t\t<div class=\"elementor-post__thumbnail\"><img decoding=\"async\" width=\"1920\" height=\"1157\" src=\"https:\/\/www.anahithukuk.com\/wp-content\/uploads\/2024\/11\/business.jpg\" class=\"attachment-full size-full wp-image-468\" alt=\"\" srcset=\"https:\/\/www.anahithukuk.com\/wp-content\/uploads\/2024\/11\/business.jpg 1920w, https:\/\/www.anahithukuk.com\/wp-content\/uploads\/2024\/11\/business-300x181.jpg 300w, https:\/\/www.anahithukuk.com\/wp-content\/uploads\/2024\/11\/business-1024x617.jpg 1024w, https:\/\/www.anahithukuk.com\/wp-content\/uploads\/2024\/11\/business-768x463.jpg 768w, https:\/\/www.anahithukuk.com\/wp-content\/uploads\/2024\/11\/business-1536x926.jpg 1536w\" sizes=\"(max-width: 1920px) 100vw, 1920px\" \/><\/div>\n\t\t<\/a>\n\t\t\t\t<div class=\"elementor-post__text\">\n\t\t\t\t<h3 class=\"elementor-post__title\">\n\t\t\t<a href=\"https:\/\/www.anahithukuk.com\/index.php\/2024\/11\/29\/sirketler-hukuku-nedir-amaclari-ve-onemi\/\" >\n\t\t\t\t\u015eirketler Hukuku Nedir? Ama\u00e7lar\u0131 ve \u00d6nemi\t\t\t<\/a>\n\t\t<\/h3>\n\t\t\t\t<div class=\"elementor-post__meta-data\">\n\t\t\t\t\t<span class=\"elementor-post-date\">\n\t\t\tKas\u0131m 29, 2024\t\t<\/span>\n\t\t\t\t<span class=\"elementor-post-avatar\">\n\t\t\tYorum yap\u0131lmam\u0131\u015f\t\t<\/span>\n\t\t\t\t<\/div>\n\t\t\t\t<div class=\"elementor-post__excerpt\">\n\t\t\t<p>\u015eirketler hukuku, ticari hayat\u0131n temel ta\u015flar\u0131ndan biri olan \u015firketlerin kurulu\u015fundan y\u00f6netimine, birle\u015fmesinden tasfiyesine kadar t\u00fcm s\u00fcre\u00e7leri d\u00fczenleyen hukuk dal\u0131d\u0131r. \u0130\u015f d\u00fcnyas\u0131nda faaliyet g\u00f6steren \u015firketlerin uyumlu, d\u00fczenli ve adil bir \u015fekilde<\/p>\n\t\t<\/div>\n\t\t\n\t\t<a class=\"elementor-post__read-more\" href=\"https:\/\/www.anahithukuk.com\/index.php\/2024\/11\/29\/sirketler-hukuku-nedir-amaclari-ve-onemi\/\" aria-label=\"Read more about \u015eirketler Hukuku Nedir? Ama\u00e7lar\u0131 ve \u00d6nemi\" tabindex=\"-1\" >\n\t\t\tDevam\u0131n\u0131 Oku\t\t<\/a>\n\n\t\t\t\t<\/div>\n\t\t\t\t<\/article>\n\t\t\t\t<article class=\"elementor-post elementor-grid-item post-284 post type-post status-publish format-standard has-post-thumbnail hentry category-aile-hukuku\">\n\t\t\t\t<a class=\"elementor-post__thumbnail__link\" href=\"https:\/\/www.anahithukuk.com\/index.php\/2024\/11\/29\/aile-hukuku-nedir-kapsami-ve-onemi\/\" tabindex=\"-1\" >\n\t\t\t<div class=\"elementor-post__thumbnail\"><img decoding=\"async\" width=\"1920\" height=\"1280\" src=\"https:\/\/www.anahithukuk.com\/wp-content\/uploads\/2024\/11\/family.jpg\" class=\"attachment-full size-full wp-image-469\" alt=\"\" srcset=\"https:\/\/www.anahithukuk.com\/wp-content\/uploads\/2024\/11\/family.jpg 1920w, https:\/\/www.anahithukuk.com\/wp-content\/uploads\/2024\/11\/family-300x200.jpg 300w, https:\/\/www.anahithukuk.com\/wp-content\/uploads\/2024\/11\/family-1024x683.jpg 1024w, https:\/\/www.anahithukuk.com\/wp-content\/uploads\/2024\/11\/family-768x512.jpg 768w, https:\/\/www.anahithukuk.com\/wp-content\/uploads\/2024\/11\/family-1536x1024.jpg 1536w\" sizes=\"(max-width: 1920px) 100vw, 1920px\" \/><\/div>\n\t\t<\/a>\n\t\t\t\t<div class=\"elementor-post__text\">\n\t\t\t\t<h3 class=\"elementor-post__title\">\n\t\t\t<a href=\"https:\/\/www.anahithukuk.com\/index.php\/2024\/11\/29\/aile-hukuku-nedir-kapsami-ve-onemi\/\" >\n\t\t\t\tAile Hukuku Nedir? Kapsam\u0131 ve \u00d6nemi\t\t\t<\/a>\n\t\t<\/h3>\n\t\t\t\t<div class=\"elementor-post__meta-data\">\n\t\t\t\t\t<span class=\"elementor-post-date\">\n\t\t\tKas\u0131m 29, 2024\t\t<\/span>\n\t\t\t\t<span class=\"elementor-post-avatar\">\n\t\t\tYorum yap\u0131lmam\u0131\u015f\t\t<\/span>\n\t\t\t\t<\/div>\n\t\t\t\t<div class=\"elementor-post__excerpt\">\n\t\t\t<p>Aile hukuku, bireylerin evlilik, bo\u015fanma, velayet, nafaka, mal rejimi ve aile i\u00e7i ili\u015fkilerini d\u00fczenleyen medeni hukukun bir dal\u0131d\u0131r. Toplumun en k\u00fc\u00e7\u00fck yap\u0131 ta\u015f\u0131 olan aileyi korumay\u0131 ve aile bireyleri aras\u0131nda<\/p>\n\t\t<\/div>\n\t\t\n\t\t<a class=\"elementor-post__read-more\" href=\"https:\/\/www.anahithukuk.com\/index.php\/2024\/11\/29\/aile-hukuku-nedir-kapsami-ve-onemi\/\" aria-label=\"Read more about Aile Hukuku Nedir? Kapsam\u0131 ve \u00d6nemi\" tabindex=\"-1\" >\n\t\t\tDevam\u0131n\u0131 Oku\t\t<\/a>\n\n\t\t\t\t<\/div>\n\t\t\t\t<\/article>\n\t\t\t\t<\/div>\n\t\t\n\t\t\t\t<\/div>\n\t\t\t\t<\/div>\n\t\t\t\t<\/div>\n\t\t<div class=\"elementor-element elementor-element-6cbd1522 e-con-full e-flex e-con e-child\" data-id=\"6cbd1522\" data-element_type=\"container\" data-settings=\"{&quot;background_background&quot;:&quot;classic&quot;}\">\n\t\t\t\t<div class=\"elementor-element elementor-element-a2fa57c elementor-widget elementor-widget-heading\" data-id=\"a2fa57c\" data-element_type=\"widget\" data-widget_type=\"heading.default\">\n\t\t\t\t<div class=\"elementor-widget-container\">\n\t\t\t<h5 class=\"elementor-heading-title elementor-size-default\">Bug\u00fcn trend<\/h5>\t\t<\/div>\n\t\t\t\t<\/div>\n\t\t\t\t<div class=\"elementor-element elementor-element-55393ae8 elementor-grid-1 elementor-grid-tablet-1 elementor-grid-mobile-1 elementor-posts--thumbnail-top elementor-widget elementor-widget-posts\" data-id=\"55393ae8\" data-element_type=\"widget\" data-settings=\"{&quot;classic_columns&quot;:&quot;1&quot;,&quot;classic_row_gap&quot;:{&quot;unit&quot;:&quot;px&quot;,&quot;size&quot;:0,&quot;sizes&quot;:[]},&quot;classic_columns_tablet&quot;:&quot;1&quot;,&quot;classic_columns_mobile&quot;:&quot;1&quot;,&quot;classic_row_gap_tablet&quot;:{&quot;unit&quot;:&quot;px&quot;,&quot;size&quot;:&quot;&quot;,&quot;sizes&quot;:[]},&quot;classic_row_gap_mobile&quot;:{&quot;unit&quot;:&quot;px&quot;,&quot;size&quot;:&quot;&quot;,&quot;sizes&quot;:[]}}\" data-widget_type=\"posts.classic\">\n\t\t\t\t<div class=\"elementor-widget-container\">\n\t\t\t\t\t<div class=\"elementor-posts-container elementor-posts elementor-posts--skin-classic elementor-grid\">\n\t\t\t\t<article class=\"elementor-post elementor-grid-item post-1 post type-post status-publish format-standard has-post-thumbnail hentry category-uncategorized\">\n\t\t\t\t<a class=\"elementor-post__thumbnail__link\" href=\"https:\/\/www.anahithukuk.com\/index.php\/2024\/11\/26\/hello-world\/\" tabindex=\"-1\" >\n\t\t\t<div class=\"elementor-post__thumbnail\"><img fetchpriority=\"high\" decoding=\"async\" width=\"1919\" height=\"1080\" src=\"https:\/\/www.anahithukuk.com\/wp-content\/uploads\/2024\/11\/Google-Kapak.png\" class=\"attachment-full size-full wp-image-221\" alt=\"\" srcset=\"https:\/\/www.anahithukuk.com\/wp-content\/uploads\/2024\/11\/Google-Kapak.png 1919w, https:\/\/www.anahithukuk.com\/wp-content\/uploads\/2024\/11\/Google-Kapak-300x169.png 300w, https:\/\/www.anahithukuk.com\/wp-content\/uploads\/2024\/11\/Google-Kapak-1024x576.png 1024w, https:\/\/www.anahithukuk.com\/wp-content\/uploads\/2024\/11\/Google-Kapak-768x432.png 768w, https:\/\/www.anahithukuk.com\/wp-content\/uploads\/2024\/11\/Google-Kapak-1536x864.png 1536w\" sizes=\"(max-width: 1919px) 100vw, 1919px\" \/><\/div>\n\t\t<\/a>\n\t\t\t\t<div class=\"elementor-post__text\">\n\t\t\t\t<h3 class=\"elementor-post__title\">\n\t\t\t<a href=\"https:\/\/www.anahithukuk.com\/index.php\/2024\/11\/26\/hello-world\/\" >\n\t\t\t\tMerhaba\t\t\t<\/a>\n\t\t<\/h3>\n\t\t\t\t<\/div>\n\t\t\t\t<\/article>\n\t\t\t\t<\/div>\n\t\t\n\t\t\t\t<\/div>\n\t\t\t\t<\/div>\n\t\t\t\t<div class=\"elementor-element elementor-element-746b3348 elementor-grid-1 elementor-posts--thumbnail-none elementor-posts--align-left elementor-grid-tablet-2 elementor-grid-mobile-1 elementor-widget elementor-widget-posts\" data-id=\"746b3348\" data-element_type=\"widget\" data-settings=\"{&quot;classic_columns&quot;:&quot;1&quot;,&quot;classic_row_gap&quot;:{&quot;unit&quot;:&quot;px&quot;,&quot;size&quot;:16,&quot;sizes&quot;:[]},&quot;classic_columns_tablet&quot;:&quot;2&quot;,&quot;classic_columns_mobile&quot;:&quot;1&quot;,&quot;classic_row_gap_tablet&quot;:{&quot;unit&quot;:&quot;px&quot;,&quot;size&quot;:&quot;&quot;,&quot;sizes&quot;:[]},&quot;classic_row_gap_mobile&quot;:{&quot;unit&quot;:&quot;px&quot;,&quot;size&quot;:&quot;&quot;,&quot;sizes&quot;:[]}}\" data-widget_type=\"posts.classic\">\n\t\t\t\t<div class=\"elementor-widget-container\">\n\t\t\t\t\t<div class=\"elementor-posts-container elementor-posts elementor-posts--skin-classic elementor-grid\">\n\t\t\t\t<article class=\"elementor-post elementor-grid-item post-1 post type-post status-publish format-standard has-post-thumbnail hentry category-uncategorized\">\n\t\t\t\t<div class=\"elementor-post__text\">\n\t\t\t\t<h6 class=\"elementor-post__title\">\n\t\t\t<a href=\"https:\/\/www.anahithukuk.com\/index.php\/2024\/11\/26\/hello-world\/\" >\n\t\t\t\tMerhaba\t\t\t<\/a>\n\t\t<\/h6>\n\t\t\t\t<div class=\"elementor-post__meta-data\">\n\t\t\t\t\t<span class=\"elementor-post-date\">\n\t\t\tKas\u0131m 26, 2024\t\t<\/span>\n\t\t\t\t<\/div>\n\t\t\t\t<\/div>\n\t\t\t\t<\/article>\n\t\t\t\t<article class=\"elementor-post elementor-grid-item post-282 post type-post status-publish format-standard has-post-thumbnail hentry category-sirketler-hukuku\">\n\t\t\t\t<div class=\"elementor-post__text\">\n\t\t\t\t<h6 class=\"elementor-post__title\">\n\t\t\t<a href=\"https:\/\/www.anahithukuk.com\/index.php\/2024\/11\/29\/sirketler-hukuku-nedir-amaclari-ve-onemi\/\" >\n\t\t\t\t\u015eirketler Hukuku Nedir? Ama\u00e7lar\u0131 ve \u00d6nemi\t\t\t<\/a>\n\t\t<\/h6>\n\t\t\t\t<div class=\"elementor-post__meta-data\">\n\t\t\t\t\t<span class=\"elementor-post-date\">\n\t\t\tKas\u0131m 29, 2024\t\t<\/span>\n\t\t\t\t<\/div>\n\t\t\t\t<\/div>\n\t\t\t\t<\/article>\n\t\t\t\t<article class=\"elementor-post elementor-grid-item post-284 post type-post status-publish format-standard has-post-thumbnail hentry category-aile-hukuku\">\n\t\t\t\t<div class=\"elementor-post__text\">\n\t\t\t\t<h6 class=\"elementor-post__title\">\n\t\t\t<a href=\"https:\/\/www.anahithukuk.com\/index.php\/2024\/11\/29\/aile-hukuku-nedir-kapsami-ve-onemi\/\" >\n\t\t\t\tAile Hukuku Nedir? Kapsam\u0131 ve \u00d6nemi\t\t\t<\/a>\n\t\t<\/h6>\n\t\t\t\t<div class=\"elementor-post__meta-data\">\n\t\t\t\t\t<span class=\"elementor-post-date\">\n\t\t\tKas\u0131m 29, 2024\t\t<\/span>\n\t\t\t\t<\/div>\n\t\t\t\t<\/div>\n\t\t\t\t<\/article>\n\t\t\t\t<article class=\"elementor-post elementor-grid-item post-286 post type-post status-publish format-standard has-post-thumbnail hentry category-ceza-hukuku\">\n\t\t\t\t<div class=\"elementor-post__text\">\n\t\t\t\t<h6 class=\"elementor-post__title\">\n\t\t\t<a href=\"https:\/\/www.anahithukuk.com\/index.php\/2024\/11\/29\/ceza-savunmasi-nedir-etkili-bir-savunma-icin-bilinmesi-gerekenler\/\" >\n\t\t\t\tCeza Savunmas\u0131 Nedir? Etkili Bir Savunma \u0130\u00e7in Bilinmesi Gerekenler\t\t\t<\/a>\n\t\t<\/h6>\n\t\t\t\t<div class=\"elementor-post__meta-data\">\n\t\t\t\t\t<span class=\"elementor-post-date\">\n\t\t\tKas\u0131m 29, 2024\t\t<\/span>\n\t\t\t\t<\/div>\n\t\t\t\t<\/div>\n\t\t\t\t<\/article>\n\t\t\t\t<\/div>\n\t\t\n\t\t\t\t<\/div>\n\t\t\t\t<\/div>\n\t\t\t\t<div class=\"elementor-element elementor-element-1cd5145e elementor-absolute elementor-widget elementor-widget-spacer\" data-id=\"1cd5145e\" data-element_type=\"widget\" data-settings=\"{&quot;_position&quot;:&quot;absolute&quot;}\" data-widget_type=\"spacer.default\">\n\t\t\t\t<div class=\"elementor-widget-container\">\n\t\t\t\t\t<div class=\"elementor-spacer\">\n\t\t\t<div class=\"elementor-spacer-inner\"><\/div>\n\t\t<\/div>\n\t\t\t\t<\/div>\n\t\t\t\t<\/div>\n\t\t\t\t<\/div>\n\t\t\t\t<\/div>\n\t\t\t\t\t<\/div>\n\t\t\t\t<\/div>\n\t\t<div class=\"elementor-element elementor-element-3df886e2 e-flex e-con-boxed e-con e-parent\" data-id=\"3df886e2\" data-element_type=\"container\" data-settings=\"{&quot;background_background&quot;:&quot;classic&quot;}\">\n\t\t\t\t\t<div class=\"e-con-inner\">\n\t\t<div class=\"elementor-element elementor-element-5c13f291 e-con-full e-flex e-con e-child\" data-id=\"5c13f291\" data-element_type=\"container\">\n\t\t\t\t<div class=\"elementor-element elementor-element-4d0e8f03 elementor-widget elementor-widget-heading\" data-id=\"4d0e8f03\" data-element_type=\"widget\" data-widget_type=\"heading.default\">\n\t\t\t\t<div class=\"elementor-widget-container\">\n\t\t\t<h2 class=\"elementor-heading-title elementor-size-default\">Yasal Kaynak<\/h2>\t\t<\/div>\n\t\t\t\t<\/div>\n\t\t\t\t<div class=\"elementor-element elementor-element-3eb448c6 elementor-widget__width-initial elementor-widget elementor-widget-heading\" data-id=\"3eb448c6\" data-element_type=\"widget\" data-widget_type=\"heading.default\">\n\t\t\t\t<div class=\"elementor-widget-container\">\n\t\t\t<h2 class=\"elementor-heading-title elementor-size-default\">Uzman Hukuki G\u00f6r\u00fc\u015fler ve G\u00fcncellemeler i\u00e7in Kayna\u011f\u0131n\u0131z<\/h2>\t\t<\/div>\n\t\t\t\t<\/div>\n\t\t\t\t<\/div>\n\t\t<div class=\"elementor-element elementor-element-22c7c24c e-con-full e-flex e-con e-child\" data-id=\"22c7c24c\" data-element_type=\"container\">\n\t\t\t\t<div class=\"elementor-element elementor-element-4615588f elementor-grid-3 elementor-grid-tablet-2 elementor-grid-mobile-1 elementor-posts--thumbnail-top elementor-widget elementor-widget-posts\" data-id=\"4615588f\" data-element_type=\"widget\" data-settings=\"{&quot;classic_row_gap&quot;:{&quot;unit&quot;:&quot;px&quot;,&quot;size&quot;:32,&quot;sizes&quot;:[]},&quot;classic_columns&quot;:&quot;3&quot;,&quot;classic_columns_tablet&quot;:&quot;2&quot;,&quot;classic_columns_mobile&quot;:&quot;1&quot;,&quot;classic_row_gap_tablet&quot;:{&quot;unit&quot;:&quot;px&quot;,&quot;size&quot;:&quot;&quot;,&quot;sizes&quot;:[]},&quot;classic_row_gap_mobile&quot;:{&quot;unit&quot;:&quot;px&quot;,&quot;size&quot;:&quot;&quot;,&quot;sizes&quot;:[]}}\" data-widget_type=\"posts.classic\">\n\t\t\t\t<div class=\"elementor-widget-container\">\n\t\t\t\t\t<div class=\"elementor-posts-container elementor-posts elementor-posts--skin-classic elementor-grid\">\n\t\t\t\t<article class=\"elementor-post elementor-grid-item post-763 post type-post status-publish format-standard hentry category-ceza-hukuku category-sirketler-hukuku\">\n\t\t\t\t<div class=\"elementor-post__text\">\n\t\t\t\t<h3 class=\"elementor-post__title\">\n\t\t\t<a href=\"https:\/\/www.anahithukuk.com\/index.php\/2025\/11\/08\/hileli-iflas-sucu-turk-ceza-hukukunda-malvarligina-karsi-suclarin-ozel-bir-gorunumu\/\" >\n\t\t\t\tHileli \u0130flas Su\u00e7u: T\u00fcrk Ceza Hukuku\u2019nda Malvarl\u0131\u011f\u0131na Kar\u015f\u0131 Su\u00e7lar\u0131n \u00d6zel Bir G\u00f6r\u00fcn\u00fcm\u00fc\t\t\t<\/a>\n\t\t<\/h3>\n\t\t\t\t<div class=\"elementor-post__meta-data\">\n\t\t\t\t\t<span class=\"elementor-post-author\">\n\t\t\tadmin\t\t<\/span>\n\t\t\t\t<span class=\"elementor-post-date\">\n\t\t\tKas\u0131m 8, 2025\t\t<\/span>\n\t\t\t\t<\/div>\n\t\t\t\t<\/div>\n\t\t\t\t<\/article>\n\t\t\t\t<article class=\"elementor-post elementor-grid-item post-760 post type-post status-publish format-standard hentry category-ceza-hukuku\">\n\t\t\t\t<div class=\"elementor-post__text\">\n\t\t\t\t<h3 class=\"elementor-post__title\">\n\t\t\t<a href=\"https:\/\/www.anahithukuk.com\/index.php\/2025\/11\/04\/basin-ozgurlugu-baglaminda-hakaret-sucunun-degerlendirilmesi\/\" >\n\t\t\t\tBas\u0131n \u00d6zg\u00fcrl\u00fc\u011f\u00fc Ba\u011flam\u0131nda Hakaret Su\u00e7unun De\u011ferlendirilmesi\t\t\t<\/a>\n\t\t<\/h3>\n\t\t\t\t<div class=\"elementor-post__meta-data\">\n\t\t\t\t\t<span class=\"elementor-post-author\">\n\t\t\tadmin\t\t<\/span>\n\t\t\t\t<span class=\"elementor-post-date\">\n\t\t\tKas\u0131m 4, 2025\t\t<\/span>\n\t\t\t\t<\/div>\n\t\t\t\t<\/div>\n\t\t\t\t<\/article>\n\t\t\t\t<article class=\"elementor-post elementor-grid-item post-752 post type-post status-publish format-standard hentry category-ceza-hukuku\">\n\t\t\t\t<div class=\"elementor-post__text\">\n\t\t\t\t<h3 class=\"elementor-post__title\">\n\t\t\t<a href=\"https:\/\/www.anahithukuk.com\/index.php\/2025\/11\/03\/teknik-araclarla-izleme-tedbirinin-sinirlari-ceza-muhakemesi-kanununun-140-maddesi-ve-uyusturucu-madde-ticareti-sucunda-hukuka-aykiri-delil-sorunu\/\" >\n\t\t\t\tTeknik Ara\u00e7larla \u0130zleme Tedbirinin S\u0131n\u0131rlar\u0131: Ceza Muhakemesi Kanununun 140. Maddesi ve Uyu\u015fturucu Madde Ticareti Su\u00e7unda Hukuka Ayk\u0131r\u0131 Delil Sorunu\t\t\t<\/a>\n\t\t<\/h3>\n\t\t\t\t<div class=\"elementor-post__meta-data\">\n\t\t\t\t\t<span class=\"elementor-post-author\">\n\t\t\tadmin\t\t<\/span>\n\t\t\t\t<span class=\"elementor-post-date\">\n\t\t\tKas\u0131m 3, 2025\t\t<\/span>\n\t\t\t\t<\/div>\n\t\t\t\t<\/div>\n\t\t\t\t<\/article>\n\t\t\t\t<\/div>\n\t\t\n\t\t\t\t<\/div>\n\t\t\t\t<\/div>\n\t\t\t\t<\/div>\n\t\t\t\t\t<\/div>\n\t\t\t\t<\/div>\n\t\t\t\t<\/div>\n\t\t","protected":false},"excerpt":{"rendered":"<p>Yaz\u0131lar ve Haberlerimiz \u00d6ne \u00e7\u0131kan g\u00f6nderiler Bug\u00fcn trend Yasal Kaynak Uzman Hukuki G\u00f6r\u00fc\u015fler ve G\u00fcncellemeler i\u00e7in Kayna\u011f\u0131n\u0131z<\/p>\n","protected":false},"author":1,"featured_media":0,"parent":0,"menu_order":0,"comment_status":"closed","ping_status":"closed","template":"","meta":{"_themeisle_gutenberg_block_has_review":false,"_joinchat":[],"footnotes":""},"class_list":["post-163","page","type-page","status-publish","hentry"],"_links":{"self":[{"href":"https:\/\/www.anahithukuk.com\/index.php\/wp-json\/wp\/v2\/pages\/163","targetHints":{"allow":["GET"]}}],"collection":[{"href":"https:\/\/www.anahithukuk.com\/index.php\/wp-json\/wp\/v2\/pages"}],"about":[{"href":"https:\/\/www.anahithukuk.com\/index.php\/wp-json\/wp\/v2\/types\/page"}],"author":[{"embeddable":true,"href":"https:\/\/www.anahithukuk.com\/index.php\/wp-json\/wp\/v2\/users\/1"}],"replies":[{"embeddable":true,"href":"https:\/\/www.anahithukuk.com\/index.php\/wp-json\/wp\/v2\/comments?post=163"}],"version-history":[{"count":10,"href":"https:\/\/www.anahithukuk.com\/index.php\/wp-json\/wp\/v2\/pages\/163\/revisions"}],"predecessor-version":[{"id":333,"href":"https:\/\/www.anahithukuk.com\/index.php\/wp-json\/wp\/v2\/pages\/163\/revisions\/333"}],"wp:attachment":[{"href":"https:\/\/www.anahithukuk.com\/index.php\/wp-json\/wp\/v2\/media?parent=163"}],"curies":[{"name":"wp","href":"https:\/\/api.w.org\/{rel}","templated":true}]}}