{"id":153,"date":"2024-11-27T11:53:35","date_gmt":"2024-11-27T11:53:35","guid":{"rendered":"http:\/\/www.msthukuk.com\/?page_id=153"},"modified":"2025-06-05T16:15:08","modified_gmt":"2025-06-05T16:15:08","slug":"hakkimizda","status":"publish","type":"page","link":"https:\/\/www.anahithukuk.com\/index.php\/hakkimizda\/","title":{"rendered":"Hakk\u0131m\u0131zda"},"content":{"rendered":"\t\t<div data-elementor-type=\"wp-page\" data-elementor-id=\"153\" class=\"elementor elementor-153\" data-elementor-post-type=\"page\">\n\t\t\t\t<div class=\"elementor-element elementor-element-4176159 e-flex e-con-boxed e-con e-parent\" data-id=\"4176159\" data-element_type=\"container\" data-settings=\"{&quot;background_background&quot;:&quot;classic&quot;}\">\n\t\t\t\t\t<div class=\"e-con-inner\">\n\t\t<div class=\"elementor-element elementor-element-7e300f0c e-con-full e-flex e-con e-child\" data-id=\"7e300f0c\" data-element_type=\"container\">\n\t\t\t\t<\/div>\n\t\t\t\t\t<\/div>\n\t\t\t\t<\/div>\n\t\t<div class=\"elementor-element elementor-element-029396e e-flex e-con-boxed e-con e-parent\" data-id=\"029396e\" data-element_type=\"container\">\n\t\t\t\t\t<div class=\"e-con-inner\">\n\t\t<div class=\"elementor-element elementor-element-1c3ae3a e-con-full e-flex e-con e-child\" data-id=\"1c3ae3a\" data-element_type=\"container\">\n\t\t\t\t<div class=\"elementor-element elementor-element-cda726e elementor-widget elementor-widget-image\" data-id=\"cda726e\" data-element_type=\"widget\" data-widget_type=\"image.default\">\n\t\t\t\t<div class=\"elementor-widget-container\">\n\t\t\t\t\t\t\t\t\t\t\t\t\t<img fetchpriority=\"high\" decoding=\"async\" width=\"800\" height=\"972\" src=\"https:\/\/www.anahithukuk.com\/wp-content\/uploads\/2024\/12\/avkat.png\" class=\"attachment-large size-large wp-image-356\" alt=\"\" srcset=\"https:\/\/www.anahithukuk.com\/wp-content\/uploads\/2024\/12\/avkat.png 802w, https:\/\/www.anahithukuk.com\/wp-content\/uploads\/2024\/12\/avkat-247x300.png 247w, https:\/\/www.anahithukuk.com\/wp-content\/uploads\/2024\/12\/avkat-768x933.png 768w\" sizes=\"(max-width: 800px) 100vw, 800px\" \/>\t\t\t\t\t\t\t\t\t\t\t\t\t<\/div>\n\t\t\t\t<\/div>\n\t\t\t\t<\/div>\n\t\t<div class=\"elementor-element elementor-element-5edb8c8 e-con-full e-flex e-con e-child\" data-id=\"5edb8c8\" data-element_type=\"container\">\n\t\t\t\t<div class=\"elementor-element elementor-element-ff785cc elementor-widget elementor-widget-heading\" data-id=\"ff785cc\" data-element_type=\"widget\" data-widget_type=\"heading.default\">\n\t\t\t\t<div class=\"elementor-widget-container\">\n\t\t\t<h4 class=\"elementor-heading-title elementor-size-default\">Avukat Mehmet Selahattin Timur<\/h4>\t\t<\/div>\n\t\t\t\t<\/div>\n\t\t\t\t<div class=\"elementor-element elementor-element-8db1603 elementor-widget elementor-widget-text-editor\" data-id=\"8db1603\" data-element_type=\"widget\" data-widget_type=\"text-editor.default\">\n\t\t\t\t<div class=\"elementor-widget-container\">\n\t\t\t\t\t\t\t<p><span style=\"font-size: small;\">Av. Mehmet Selahattin Timur, \u0130zmir Dokuz Eyl\u00fcl \u00dcniversitesi Hukuk Fak\u00fcltesi\u2019nde 2018 \u2013 2022 y\u0131llar\u0131nda hukuk e\u011fitimi alm\u0131\u015ft\u0131r. Hukuk fak\u00fcltesinden mezun olduktan sonra \u0130zmir Barosu nezdinde avukatl\u0131k staj\u0131n\u0131 tamamlam\u0131\u015ft\u0131r. Avukatl\u0131k staj\u0131n\u0131 tamamlamas\u0131n\u0131n ard\u0131ndan \u0130zmir Barosu nezdinde serbest avukatl\u0131k yapmaya ba\u015flam\u0131\u015ft\u0131r.<\/span><\/p><p><span style=\"font-size: small;\">\u0130zmir Demokrasi \u00dcniversitesi \u00d6zel Hukuk B\u00f6l\u00fcm\u00fc Y\u00fcksek Lisans program\u0131nda \u00e7al\u0131\u015fmalara ba\u015flam\u0131\u015ft\u0131r.<\/span><\/p><p><span style=\"font-size: small;\">Avukat Mehmet Selahattin Timur, \u00e7e\u015fitli sivil toplum \u00f6rg\u00fctlerine \u00fcye olarak hukuk ile ilgili \u00e7al\u0131\u015fmalar y\u00fcr\u00fctm\u00fc\u015ft\u00fcr.<\/span><\/p><p><span style=\"font-size: small;\">Avukat Mehmet Selahattin Timur, kurdu\u011fu avukatl\u0131k b\u00fcrosuyla \u201cANAH\u0130T HUKUK\u201d Ticaret Hukuku, \u0130\u015f Hukuku, Tazminat Hukuku, Aile Hukuku, Miras Hukuku, Gayrimenkul Hukuku, \u0130mar ve \u0130n\u015faat Hukuku, Bili\u015fim Hukuku, \u0130dare Hukuku, Vergi Hukuku, \u0130cra ve \u0130flas Hukuku, Sa\u011fl\u0131k Hukuku, Fikri ve S\u0131nai M\u00fclkiyet Hukuku, Dernekler Hukuku, Vak\u0131flar Hukuku ve Ceza Hukuku ba\u015fta olmak \u00fczere bir\u00e7ok hukuk alan\u0131nda avukatl\u0131k faaliyeti y\u00fcr\u00fctmektedir.<\/span><\/p><p><span style=\"font-size: small;\">Avukat-m\u00fcvekkil ili\u015fkileri kar\u015f\u0131l\u0131kl\u0131 g\u00fcven esas\u0131na dayan\u0131r. Avukat Mehmet Selahattin Timur, 21. y\u00fczy\u0131lda hukukun ve avukatl\u0131k mesle\u011finin hak arama \u00f6zg\u00fcrl\u00fc\u011f\u00fcn\u00fcn en \u00f6nemli g\u00fcvence mekanizmas\u0131 oldu\u011fu bilinciyle, avukat-m\u00fcvekkil aras\u0131nda temel mesleki ilkelere hassasiyet\u00a0g\u00f6stermektedir.<\/span><\/p>\t\t\t\t\t\t<\/div>\n\t\t\t\t<\/div>\n\t\t\t\t<\/div>\n\t\t\t\t\t<\/div>\n\t\t\t\t<\/div>\n\t\t<div class=\"elementor-element elementor-element-6b03c6ee e-flex e-con-boxed e-con e-parent\" data-id=\"6b03c6ee\" data-element_type=\"container\" data-settings=\"{&quot;background_background&quot;:&quot;classic&quot;}\">\n\t\t\t\t\t<div class=\"e-con-inner\">\n\t\t\t\t<div class=\"elementor-element elementor-element-429b784 elementor-widget elementor-widget-video\" data-id=\"429b784\" data-element_type=\"widget\" data-settings=\"{&quot;youtube_url&quot;:&quot;https:\\\/\\\/youtu.be\\\/565c-hnDtbA&quot;,&quot;video_type&quot;:&quot;youtube&quot;,&quot;controls&quot;:&quot;yes&quot;}\" data-widget_type=\"video.default\">\n\t\t\t\t<div class=\"elementor-widget-container\">\n\t\t\t\t\t<div class=\"elementor-wrapper elementor-open-inline\">\n\t\t\t<div class=\"elementor-video\"><\/div>\t\t<\/div>\n\t\t\t\t<\/div>\n\t\t\t\t<\/div>\n\t\t\t\t\t<\/div>\n\t\t\t\t<\/div>\n\t\t<div class=\"elementor-element elementor-element-4c1a924f e-flex e-con-boxed e-con e-parent\" data-id=\"4c1a924f\" data-element_type=\"container\" data-settings=\"{&quot;background_background&quot;:&quot;classic&quot;}\">\n\t\t\t\t\t<div class=\"e-con-inner\">\n\t\t<div class=\"elementor-element elementor-element-61233ffb e-con-full e-flex e-con e-child\" data-id=\"61233ffb\" data-element_type=\"container\">\n\t\t\t\t<div class=\"elementor-element elementor-element-7b78053c elementor-widget elementor-widget-heading\" data-id=\"7b78053c\" data-element_type=\"widget\" data-widget_type=\"heading.default\">\n\t\t\t\t<div class=\"elementor-widget-container\">\n\t\t\t<h2 class=\"elementor-heading-title elementor-size-default\">Taahh\u00fcd\u00fcm\u00fcz<\/h2>\t\t<\/div>\n\t\t\t\t<\/div>\n\t\t\t\t<div class=\"elementor-element elementor-element-19fcd137 elementor-widget-tablet__width-initial elementor-widget elementor-widget-heading\" data-id=\"19fcd137\" data-element_type=\"widget\" data-widget_type=\"heading.default\">\n\t\t\t\t<div class=\"elementor-widget-container\">\n\t\t\t<h2 class=\"elementor-heading-title elementor-size-default\">Adalete Ba\u011fl\u0131, D\u00fcr\u00fcstl\u00fckten G\u00fc\u00e7 Alan<\/h2>\t\t<\/div>\n\t\t\t\t<\/div>\n\t\t\t\t<\/div>\n\t\t<div class=\"elementor-element elementor-element-18105940 e-con-full e-flex e-con e-child\" data-id=\"18105940\" data-element_type=\"container\">\n\t\t\t\t<div class=\"elementor-element elementor-element-edacc9c elementor-widget elementor-widget-image\" data-id=\"edacc9c\" data-element_type=\"widget\" data-widget_type=\"image.default\">\n\t\t\t\t<div class=\"elementor-widget-container\">\n\t\t\t\t\t\t\t\t\t\t\t\t\t<img decoding=\"async\" width=\"800\" height=\"534\" src=\"https:\/\/www.anahithukuk.com\/wp-content\/uploads\/2024\/12\/pexels-pixabay-159832-1024x683.jpg\" class=\"attachment-large size-large wp-image-397\" alt=\"\" srcset=\"https:\/\/www.anahithukuk.com\/wp-content\/uploads\/2024\/12\/pexels-pixabay-159832-1024x683.jpg 1024w, https:\/\/www.anahithukuk.com\/wp-content\/uploads\/2024\/12\/pexels-pixabay-159832-300x200.jpg 300w, https:\/\/www.anahithukuk.com\/wp-content\/uploads\/2024\/12\/pexels-pixabay-159832-768x512.jpg 768w, https:\/\/www.anahithukuk.com\/wp-content\/uploads\/2024\/12\/pexels-pixabay-159832-1536x1024.jpg 1536w, https:\/\/www.anahithukuk.com\/wp-content\/uploads\/2024\/12\/pexels-pixabay-159832-2048x1365.jpg 2048w\" sizes=\"(max-width: 800px) 100vw, 800px\" \/>\t\t\t\t\t\t\t\t\t\t\t\t\t<\/div>\n\t\t\t\t<\/div>\n\t\t\t\t<\/div>\n\t\t<div class=\"elementor-element elementor-element-4753e6c1 e-con-full e-flex e-con e-child\" data-id=\"4753e6c1\" data-element_type=\"container\">\n\t\t<div class=\"elementor-element elementor-element-5b7b395b e-con-full e-flex e-con e-child\" data-id=\"5b7b395b\" data-element_type=\"container\" data-settings=\"{&quot;background_background&quot;:&quot;classic&quot;}\">\n\t\t\t\t<div class=\"elementor-element elementor-element-6db46832 elementor-widget__width-initial elementor-widget elementor-widget-heading\" data-id=\"6db46832\" data-element_type=\"widget\" data-widget_type=\"heading.default\">\n\t\t\t\t<div class=\"elementor-widget-container\">\n\t\t\t<h5 class=\"elementor-heading-title elementor-size-default\">Misyon<\/h5>\t\t<\/div>\n\t\t\t\t<\/div>\n\t\t\t\t<div class=\"elementor-element elementor-element-1d96e49d elementor-widget__width-initial elementor-widget elementor-widget-text-editor\" data-id=\"1d96e49d\" data-element_type=\"widget\" data-widget_type=\"text-editor.default\">\n\t\t\t\t<div class=\"elementor-widget-container\">\n\t\t\t\t\t\t\t<p>ANAH\u0130T Hukuk B\u00fcrosu olarak misyonumuz; M\u00fcvekkillerimizin haklar\u0131n\u0131 en \u00fcst d\u00fczeyde savunmak ve onlara g\u00fcvenilir, h\u0131zl\u0131, \u00e7\u00f6z\u00fcm odakl\u0131 hukuki destekler sunmakt\u0131r.<\/p><p>Gen\u00e7 ve enerjik ekibimizle, hukuk alan\u0131nda bilgimizi, tecr\u00fcbemizi ve yakla\u015f\u0131mlar\u0131m\u0131z\u0131 birle\u015ftirerek, m\u00fcvekkillerimize en etkili \u00e7\u00f6z\u00fcmler \u00fcretmeyi hedefliyoruz.<\/p>\t\t\t\t\t\t<\/div>\n\t\t\t\t<\/div>\n\t\t\t\t<\/div>\n\t\t\t\t<div class=\"elementor-element elementor-element-3dcdec1a elementor-widget__width-inherit elementor-widget-divider--view-line elementor-widget elementor-widget-divider\" data-id=\"3dcdec1a\" data-element_type=\"widget\" data-widget_type=\"divider.default\">\n\t\t\t\t<div class=\"elementor-widget-container\">\n\t\t\t\t\t<div class=\"elementor-divider\">\n\t\t\t<span class=\"elementor-divider-separator\">\n\t\t\t\t\t\t<\/span>\n\t\t<\/div>\n\t\t\t\t<\/div>\n\t\t\t\t<\/div>\n\t\t<div class=\"elementor-element elementor-element-6d31a843 e-con-full e-flex e-con e-child\" data-id=\"6d31a843\" data-element_type=\"container\" data-settings=\"{&quot;background_background&quot;:&quot;classic&quot;}\">\n\t\t\t\t<div class=\"elementor-element elementor-element-8966d16 elementor-widget__width-initial elementor-widget elementor-widget-heading\" data-id=\"8966d16\" data-element_type=\"widget\" data-widget_type=\"heading.default\">\n\t\t\t\t<div class=\"elementor-widget-container\">\n\t\t\t<h5 class=\"elementor-heading-title elementor-size-default\">Vizyon<\/h5>\t\t<\/div>\n\t\t\t\t<\/div>\n\t\t\t\t<\/div>\n\t\t\t\t<div class=\"elementor-element elementor-element-b8af530 elementor-widget elementor-widget-text-editor\" data-id=\"b8af530\" data-element_type=\"widget\" data-widget_type=\"text-editor.default\">\n\t\t\t\t<div class=\"elementor-widget-container\">\n\t\t\t\t\t\t\t<p>ANAH\u0130T Hukuk B\u00fcrosu&#8217;nun vizyonu, T\u00fcrkiye&#8217;de ve uluslararas\u0131 hukuk alan\u0131nda g\u00fcvenilirli\u011fi, ba\u015far\u0131lar\u0131yla kan\u0131tlanm\u0131\u015f, \u00f6nc\u00fc bir hukuk firmas\u0131 olmakt\u0131r. Gen\u00e7 ekibimizin dinamizmi ve g\u00fcncel bilgisi olan hakimiyetimizle s\u00fcrekli geli\u015fmek ve yeniliklere a\u00e7\u0131k bir \u015fekilde ilerlemektir.<\/p><p>Hedefimiz, m\u00fcvekkillerimize her t\u00fcrl\u00fc hukuki \u00e7\u00f6z\u00fcmler sunarken, etik de\u011ferlerimizi, profesyonel ve s\u00fcrd\u00fcr\u00fclebilir hizmet anlay\u0131\u015f\u0131n\u0131 s\u00fcrd\u00fcrmektir. ANAH\u0130T Hukuk B\u00fcrosu olarak m\u00fcvekkillerimizin yan\u0131nda olmaya ve hukuk d\u00fcnyas\u0131nda kal\u0131c\u0131 bir iz b\u0131rakmaya kararl\u0131y\u0131z.<\/p>\t\t\t\t\t\t<\/div>\n\t\t\t\t<\/div>\n\t\t\t\t<\/div>\n\t\t\t\t\t<\/div>\n\t\t\t\t<\/div>\n\t\t<div class=\"elementor-element elementor-element-1f745d6d e-flex e-con-boxed e-con e-parent\" data-id=\"1f745d6d\" data-element_type=\"container\" data-settings=\"{&quot;background_background&quot;:&quot;classic&quot;}\">\n\t\t\t\t\t<div class=\"e-con-inner\">\n\t\t<div class=\"elementor-element elementor-element-2a087342 e-flex e-con-boxed e-con e-child\" data-id=\"2a087342\" data-element_type=\"container\">\n\t\t\t\t\t<div class=\"e-con-inner\">\n\t\t\t\t<div class=\"elementor-element elementor-element-12d45f10 elementor-widget elementor-widget-heading\" data-id=\"12d45f10\" data-element_type=\"widget\" data-widget_type=\"heading.default\">\n\t\t\t\t<div class=\"elementor-widget-container\">\n\t\t\t<h2 class=\"elementor-heading-title elementor-size-default\">De\u011ferlerimiz<\/h2>\t\t<\/div>\n\t\t\t\t<\/div>\n\t\t\t\t<div class=\"elementor-element elementor-element-3f833991 elementor-widget elementor-widget-heading\" data-id=\"3f833991\" data-element_type=\"widget\" data-widget_type=\"heading.default\">\n\t\t\t\t<div class=\"elementor-widget-container\">\n\t\t\t<h2 class=\"elementor-heading-title elementor-size-default\">Hukuk Uygulamam\u0131z\u0131n Temeli\n<\/h2>\t\t<\/div>\n\t\t\t\t<\/div>\n\t\t\t\t\t<\/div>\n\t\t\t\t<\/div>\n\t\t<div class=\"elementor-element elementor-element-61f5677a e-flex e-con-boxed e-con e-child\" data-id=\"61f5677a\" data-element_type=\"container\">\n\t\t\t\t\t<div class=\"e-con-inner\">\n\t\t<div class=\"elementor-element elementor-element-1ed2590b e-con-full e-flex e-con e-child\" data-id=\"1ed2590b\" data-element_type=\"container\" data-settings=\"{&quot;background_background&quot;:&quot;classic&quot;}\">\n\t\t\t\t<div class=\"elementor-element elementor-element-5d99b18a elementor-widget__width-initial elementor-widget elementor-widget-image\" data-id=\"5d99b18a\" data-element_type=\"widget\" data-widget_type=\"image.default\">\n\t\t\t\t<div class=\"elementor-widget-container\">\n\t\t\t\t\t\t\t\t\t\t\t\t\t<img decoding=\"async\" width=\"72\" height=\"72\" src=\"https:\/\/www.anahithukuk.com\/wp-content\/uploads\/2024\/11\/Judge-01-HX4ET9A.png\" class=\"attachment-large size-large wp-image-47\" alt=\"\" \/>\t\t\t\t\t\t\t\t\t\t\t\t\t<\/div>\n\t\t\t\t<\/div>\n\t\t\t\t<div class=\"elementor-element elementor-element-55cd15d2 elementor-widget elementor-widget-heading\" data-id=\"55cd15d2\" data-element_type=\"widget\" data-widget_type=\"heading.default\">\n\t\t\t\t<div class=\"elementor-widget-container\">\n\t\t\t<h3 class=\"elementor-heading-title elementor-size-default\">gizlilik<\/h3>\t\t<\/div>\n\t\t\t\t<\/div>\n\t\t\t\t<div class=\"elementor-element elementor-element-44fbf7ba elementor-widget elementor-widget-text-editor\" data-id=\"44fbf7ba\" data-element_type=\"widget\" data-widget_type=\"text-editor.default\">\n\t\t\t\t<div class=\"elementor-widget-container\">\n\t\t\t\t\t\t\t<div class=\"elementor-element elementor-element-120af88 e-con-full e-flex e-con e-child\" data-id=\"120af88\" data-element_type=\"container\" data-settings=\"{&quot;background_background&quot;:&quot;classic&quot;}\"><div class=\"elementor-element elementor-element-4ad048c elementor-widget elementor-widget-text-editor\" data-id=\"4ad048c\" data-element_type=\"widget\" data-widget_type=\"text-editor.default\"><div class=\"elementor-widget-container\"><div class=\"flex-shrink-0 flex flex-col relative items-end\"><div class=\"pt-0\"><div class=\"gizmo-bot-avatar flex h-8 w-8 items-center justify-center overflow-hidden rounded-full\"><div class=\"relative p-1 rounded-sm flex items-center justify-center bg-token-main-surface-primary text-token-text-primary h-8 w-8\">Avukat, m\u00fcvekkiliyle olan t\u00fcm g\u00f6r\u00fc\u015fmeleri ve bilgileri gizli tutmakla y\u00fck\u00fcml\u00fcd\u00fcr. Bu ilke, m\u00fcvekkil-avukat ili\u015fkisinin temelidir.<\/div><\/div><\/div><\/div><\/div><\/div><\/div>\t\t\t\t\t\t<\/div>\n\t\t\t\t<\/div>\n\t\t\t\t<\/div>\n\t\t<div class=\"elementor-element elementor-element-5241ff35 e-con-full e-flex e-con e-child\" data-id=\"5241ff35\" data-element_type=\"container\" data-settings=\"{&quot;background_background&quot;:&quot;classic&quot;}\">\n\t\t\t\t<div class=\"elementor-element elementor-element-71c414c7 elementor-widget__width-initial elementor-widget elementor-widget-image\" data-id=\"71c414c7\" data-element_type=\"widget\" data-widget_type=\"image.default\">\n\t\t\t\t<div class=\"elementor-widget-container\">\n\t\t\t\t\t\t\t\t\t\t\t\t\t<img loading=\"lazy\" decoding=\"async\" width=\"72\" height=\"72\" src=\"https:\/\/www.anahithukuk.com\/wp-content\/uploads\/2024\/11\/Individual-HX4ET9A.png\" class=\"attachment-large size-large wp-image-55\" alt=\"\" \/>\t\t\t\t\t\t\t\t\t\t\t\t\t<\/div>\n\t\t\t\t<\/div>\n\t\t\t\t<div class=\"elementor-element elementor-element-680ae386 elementor-widget elementor-widget-heading\" data-id=\"680ae386\" data-element_type=\"widget\" data-widget_type=\"heading.default\">\n\t\t\t\t<div class=\"elementor-widget-container\">\n\t\t\t<h3 class=\"elementor-heading-title elementor-size-default\">M\u00fcvekkil Odakl\u0131l\u0131\u011f\u0131\n<\/h3>\t\t<\/div>\n\t\t\t\t<\/div>\n\t\t\t\t<div class=\"elementor-element elementor-element-2fe84d83 elementor-widget elementor-widget-text-editor\" data-id=\"2fe84d83\" data-element_type=\"widget\" data-widget_type=\"text-editor.default\">\n\t\t\t\t<div class=\"elementor-widget-container\">\n\t\t\t\t\t\t\tHer m\u00fcvekkilin ihtiya\u00e7lar\u0131na ve beklentilerine \u00f6zel \u00e7\u00f6z\u00fcmler \u00fcretmeyi ama\u00e7layan bir yakla\u015f\u0131md\u0131r.\n\n\t\t\t\t\t\t<\/div>\n\t\t\t\t<\/div>\n\t\t\t\t<\/div>\n\t\t<div class=\"elementor-element elementor-element-3aabafee e-con-full e-flex e-con e-child\" data-id=\"3aabafee\" data-element_type=\"container\" data-settings=\"{&quot;background_background&quot;:&quot;classic&quot;}\">\n\t\t\t\t<div class=\"elementor-element elementor-element-31668b25 elementor-widget__width-initial elementor-widget elementor-widget-image\" data-id=\"31668b25\" data-element_type=\"widget\" data-widget_type=\"image.default\">\n\t\t\t\t<div class=\"elementor-widget-container\">\n\t\t\t\t\t\t\t\t\t\t\t\t\t<img loading=\"lazy\" decoding=\"async\" width=\"72\" height=\"72\" src=\"https:\/\/www.anahithukuk.com\/wp-content\/uploads\/2024\/11\/Policeman-Badge-HX4ET9A.png\" class=\"attachment-large size-large wp-image-62\" alt=\"\" \/>\t\t\t\t\t\t\t\t\t\t\t\t\t<\/div>\n\t\t\t\t<\/div>\n\t\t\t\t<div class=\"elementor-element elementor-element-7c06e570 elementor-widget elementor-widget-heading\" data-id=\"7c06e570\" data-element_type=\"widget\" data-widget_type=\"heading.default\">\n\t\t\t\t<div class=\"elementor-widget-container\">\n\t\t\t<h3 class=\"elementor-heading-title elementor-size-default\">M\u00fckemmellik\n<\/h3>\t\t<\/div>\n\t\t\t\t<\/div>\n\t\t\t\t<div class=\"elementor-element elementor-element-323370f8 elementor-widget elementor-widget-text-editor\" data-id=\"323370f8\" data-element_type=\"widget\" data-widget_type=\"text-editor.default\">\n\t\t\t\t<div class=\"elementor-widget-container\">\n\t\t\t\t\t\t\tHer detayda titizlikle \u00e7al\u0131\u015fmak ve en y\u00fcksek standartlara ula\u015fmak i\u00e7in \u00e7aba g\u00f6stermektir.\n\n\t\t\t\t\t\t<\/div>\n\t\t\t\t<\/div>\n\t\t\t\t<\/div>\n\t\t<div class=\"elementor-element elementor-element-531a964 e-con-full e-flex e-con e-child\" data-id=\"531a964\" data-element_type=\"container\" data-settings=\"{&quot;background_background&quot;:&quot;classic&quot;}\">\n\t\t\t\t<div class=\"elementor-element elementor-element-3234d1de elementor-widget__width-initial elementor-widget elementor-widget-image\" data-id=\"3234d1de\" data-element_type=\"widget\" data-widget_type=\"image.default\">\n\t\t\t\t<div class=\"elementor-widget-container\">\n\t\t\t\t\t\t\t\t\t\t\t\t\t<img loading=\"lazy\" decoding=\"async\" width=\"72\" height=\"72\" src=\"https:\/\/www.anahithukuk.com\/wp-content\/uploads\/2024\/11\/Fingerprint-HX4ET9A.png\" class=\"attachment-large size-large wp-image-69\" alt=\"\" \/>\t\t\t\t\t\t\t\t\t\t\t\t\t<\/div>\n\t\t\t\t<\/div>\n\t\t\t\t<div class=\"elementor-element elementor-element-1e549c98 elementor-widget elementor-widget-heading\" data-id=\"1e549c98\" data-element_type=\"widget\" data-widget_type=\"heading.default\">\n\t\t\t\t<div class=\"elementor-widget-container\">\n\t\t\t<h3 class=\"elementor-heading-title elementor-size-default\">Yenilik<\/h3>\t\t<\/div>\n\t\t\t\t<\/div>\n\t\t\t\t<div class=\"elementor-element elementor-element-37f7cd04 elementor-widget elementor-widget-text-editor\" data-id=\"37f7cd04\" data-element_type=\"widget\" data-widget_type=\"text-editor.default\">\n\t\t\t\t<div class=\"elementor-widget-container\">\n\t\t\t\t\t\t\tDe\u011fi\u015fen ihtiya\u00e7lara ve geli\u015fen d\u00fcnyaya uyum sa\u011flaman\u0131n anahtar\u0131d\u0131r. Hukukta yenilik\u00e7i \u00e7\u00f6z\u00fcmler sunarak, m\u00fcvekkillerimize daha h\u0131zl\u0131, etkili ve modern hizmetler sa\u011fl\u0131yoruz.\n\n\t\t\t\t\t\t<\/div>\n\t\t\t\t<\/div>\n\t\t\t\t<\/div>\n\t\t<div class=\"elementor-element elementor-element-79efb145 e-con-full e-flex e-con e-child\" data-id=\"79efb145\" data-element_type=\"container\" data-settings=\"{&quot;background_background&quot;:&quot;classic&quot;}\">\n\t\t\t\t<div class=\"elementor-element elementor-element-471ccd46 elementor-widget__width-initial elementor-widget elementor-widget-image\" data-id=\"471ccd46\" data-element_type=\"widget\" data-widget_type=\"image.default\">\n\t\t\t\t<div class=\"elementor-widget-container\">\n\t\t\t\t\t\t\t\t\t\t\t\t\t<img loading=\"lazy\" decoding=\"async\" width=\"72\" height=\"72\" src=\"https:\/\/www.anahithukuk.com\/wp-content\/uploads\/2024\/11\/Legal-Agreement-HX4ET9A.png\" class=\"attachment-large size-large wp-image-80\" alt=\"\" \/>\t\t\t\t\t\t\t\t\t\t\t\t\t<\/div>\n\t\t\t\t<\/div>\n\t\t\t\t<div class=\"elementor-element elementor-element-7872b3b0 elementor-widget elementor-widget-heading\" data-id=\"7872b3b0\" data-element_type=\"widget\" data-widget_type=\"heading.default\">\n\t\t\t\t<div class=\"elementor-widget-container\">\n\t\t\t<h3 class=\"elementor-heading-title elementor-size-default\">Sayg\u0131<\/h3>\t\t<\/div>\n\t\t\t\t<\/div>\n\t\t\t\t<div class=\"elementor-element elementor-element-e6ca6f5 elementor-widget elementor-widget-text-editor\" data-id=\"e6ca6f5\" data-element_type=\"widget\" data-widget_type=\"text-editor.default\">\n\t\t\t\t<div class=\"elementor-widget-container\">\n\t\t\t\t\t\t\t<p>Her ili\u015fkinin temel ta\u015flar\u0131ndan biridir. M\u00fcvekkillerimize, onlar\u0131n haklar\u0131na, de\u011ferlerine ve g\u00f6r\u00fc\u015flerine sayg\u0131 g\u00f6stererek, g\u00fcven dolu ve profesyonel bir ortam yarat\u0131yoruz.<\/p>\t\t\t\t\t\t<\/div>\n\t\t\t\t<\/div>\n\t\t\t\t<\/div>\n\t\t<div class=\"elementor-element elementor-element-4c6f7423 e-con-full e-flex e-con e-child\" data-id=\"4c6f7423\" data-element_type=\"container\" data-settings=\"{&quot;background_background&quot;:&quot;classic&quot;}\">\n\t\t\t\t<div class=\"elementor-element elementor-element-77d69b4 elementor-widget__width-initial elementor-widget elementor-widget-image\" data-id=\"77d69b4\" data-element_type=\"widget\" data-widget_type=\"image.default\">\n\t\t\t\t<div class=\"elementor-widget-container\">\n\t\t\t\t\t\t\t\t\t\t\t\t\t<img loading=\"lazy\" decoding=\"async\" width=\"72\" height=\"72\" src=\"https:\/\/www.anahithukuk.com\/wp-content\/uploads\/2024\/11\/Sheriff-Badge-HX4ET9A.png\" class=\"attachment-large size-large wp-image-86\" alt=\"\" \/>\t\t\t\t\t\t\t\t\t\t\t\t\t<\/div>\n\t\t\t\t<\/div>\n\t\t\t\t<div class=\"elementor-element elementor-element-1017aa4e elementor-widget elementor-widget-heading\" data-id=\"1017aa4e\" data-element_type=\"widget\" data-widget_type=\"heading.default\">\n\t\t\t\t<div class=\"elementor-widget-container\">\n\t\t\t<h3 class=\"elementor-heading-title elementor-size-default\">Toplum<\/h3>\t\t<\/div>\n\t\t\t\t<\/div>\n\t\t\t\t<div class=\"elementor-element elementor-element-1b040710 elementor-widget elementor-widget-text-editor\" data-id=\"1b040710\" data-element_type=\"widget\" data-widget_type=\"text-editor.default\">\n\t\t\t\t<div class=\"elementor-widget-container\">\n\t\t\t\t\t\t\tBirlikte ya\u015fam\u0131n ve kolektif sorumlulu\u011fun en \u00f6nemli unsuru olup, her bireyin haklar\u0131 ve ihtiya\u00e7lar\u0131 g\u00f6z \u00f6n\u00fcnde bulundurularak geli\u015fir\n\n\t\t\t\t\t\t<\/div>\n\t\t\t\t<\/div>\n\t\t\t\t<\/div>\n\t\t\t\t\t<\/div>\n\t\t\t\t<\/div>\n\t\t\t\t\t<\/div>\n\t\t\t\t<\/div>\n\t\t\t\t<\/div>\n\t\t","protected":false},"excerpt":{"rendered":"<p>Avukat Mehmet Selahattin Timur Av. Mehmet Selahattin Timur, \u0130zmir Dokuz Eyl\u00fcl \u00dcniversitesi Hukuk Fak\u00fcltesi\u2019nde 2018 \u2013 2022 y\u0131llar\u0131nda hukuk e\u011fitimi alm\u0131\u015ft\u0131r. Hukuk fak\u00fcltesinden mezun olduktan sonra \u0130zmir Barosu nezdinde avukatl\u0131k staj\u0131n\u0131 tamamlam\u0131\u015ft\u0131r. Avukatl\u0131k staj\u0131n\u0131 tamamlamas\u0131n\u0131n ard\u0131ndan \u0130zmir Barosu nezdinde serbest avukatl\u0131k yapmaya ba\u015flam\u0131\u015ft\u0131r. \u0130zmir Demokrasi \u00dcniversitesi \u00d6zel Hukuk B\u00f6l\u00fcm\u00fc Y\u00fcksek Lisans program\u0131nda \u00e7al\u0131\u015fmalara ba\u015flam\u0131\u015ft\u0131r. Avukat [&hellip;]<\/p>\n","protected":false},"author":1,"featured_media":0,"parent":0,"menu_order":0,"comment_status":"closed","ping_status":"closed","template":"","meta":{"_themeisle_gutenberg_block_has_review":false,"_joinchat":[],"footnotes":""},"class_list":["post-153","page","type-page","status-publish","hentry"],"_links":{"self":[{"href":"https:\/\/www.anahithukuk.com\/index.php\/wp-json\/wp\/v2\/pages\/153","targetHints":{"allow":["GET"]}}],"collection":[{"href":"https:\/\/www.anahithukuk.com\/index.php\/wp-json\/wp\/v2\/pages"}],"about":[{"href":"https:\/\/www.anahithukuk.com\/index.php\/wp-json\/wp\/v2\/types\/page"}],"author":[{"embeddable":true,"href":"https:\/\/www.anahithukuk.com\/index.php\/wp-json\/wp\/v2\/users\/1"}],"replies":[{"embeddable":true,"href":"https:\/\/www.anahithukuk.com\/index.php\/wp-json\/wp\/v2\/comments?post=153"}],"version-history":[{"count":55,"href":"https:\/\/www.anahithukuk.com\/index.php\/wp-json\/wp\/v2\/pages\/153\/revisions"}],"predecessor-version":[{"id":589,"href":"https:\/\/www.anahithukuk.com\/index.php\/wp-json\/wp\/v2\/pages\/153\/revisions\/589"}],"wp:attachment":[{"href":"https:\/\/www.anahithukuk.com\/index.php\/wp-json\/wp\/v2\/media?parent=153"}],"curies":[{"name":"wp","href":"https:\/\/api.w.org\/{rel}","templated":true}]}}